{"id":840,"date":"2024-09-13T18:43:47","date_gmt":"2024-09-13T18:43:47","guid":{"rendered":"https:\/\/timelapseagencia.com\/v1\/?page_id=840"},"modified":"2024-09-13T20:14:48","modified_gmt":"2024-09-13T20:14:48","slug":"nosotros","status":"publish","type":"page","link":"https:\/\/timelapseagencia.com\/v1\/nosotros\/","title":{"rendered":"Nosotros"},"content":{"rendered":"<p>[vc_row heading_color=\u00bbgreen\u00bb bg_type=\u00bbcolor\u00bb padding_top_multiplier=\u00bb3x\u00bb padding_bottom_multiplier=\u00bb\u00bb columns_gap=\u00bbnone\u00bb bg_color=\u00bb#000000&#8243; section_id=\u00bbabout\u00bb][vc_column width=\u00bb1\/6&#8243;][\/vc_column][vc_column width=\u00bb2\/3&#8243;]<div class=\"grve-element grve-image grve-align-center\" style=\"margin-bottom: 20px;\">  <div class=\"grve-image-wrapper\"><img loading=\"lazy\" decoding=\"async\" width=\"300\" height=\"82\" src=\"https:\/\/timelapseagencia.com\/v1\/wp-content\/uploads\/2024\/07\/timelapse-NEGRO-300x82.png\" class=\"attachment-medium size-medium\" alt=\"\" srcset=\"https:\/\/timelapseagencia.com\/v1\/wp-content\/uploads\/2024\/07\/timelapse-NEGRO-300x82.png 300w, https:\/\/timelapseagencia.com\/v1\/wp-content\/uploads\/2024\/07\/timelapse-NEGRO-1024x280.png 1024w, https:\/\/timelapseagencia.com\/v1\/wp-content\/uploads\/2024\/07\/timelapse-NEGRO-768x210.png 768w, https:\/\/timelapseagencia.com\/v1\/wp-content\/uploads\/2024\/07\/timelapse-NEGRO-1536x420.png 1536w, https:\/\/timelapseagencia.com\/v1\/wp-content\/uploads\/2024\/07\/timelapse-NEGRO-1920x526.png 1920w\" sizes=\"(max-width: 300px) 100vw, 300px\" \/>   <\/div><\/div>[vc_column_text animation=\u00bbgrve-fade-in-up\u00bb animation_delay=\u00bb300&#8243;]<\/p>\n<h3 style=\"text-align: center;\"><strong>Casa Productora<\/strong><\/h3>\n<p>[\/vc_column_text][\/vc_column][vc_column width=\u00bb1\/6&#8243;][\/vc_column][\/vc_row][vc_row heading_color=\u00bbblue\u00bb bg_type=\u00bbcolor\u00bb padding_top_multiplier=\u00bb4x\u00bb padding_bottom_multiplier=\u00bb\u00bb columns_gap=\u00bb60&#8243; font_color=\u00bb#ffffff\u00bb bg_color=\u00bb#000000&#8243;][vc_column width=\u00bb1\/4&#8243; tablet_sm_width=\u00bb1&#8243;][\/vc_column][vc_column width=\u00bb1\/2&#8243;]<div class=\"grve-empty-space grve-height-1x\" style=\"\"><\/div>[vc_column_text animation=\u00bbgrve-fade-in-up\u00bb animation_delay=\u00bb300&#8243;]<\/p>\n<p style=\"text-align: center;\">Somos una <strong>productora<\/strong> con sede en Villahermosa Tabasco, con cobertura en todo el <strong>sur<\/strong> y <strong>centro<\/strong> del pa\u00eds. Hemos producido diversas <strong>campa\u00f1as<\/strong> para reconocidas marcas, destac\u00e1ndonos por nuestra <strong>creatividad<\/strong> y <strong>profesionalismo<\/strong>. Nuestra <strong>capacidad<\/strong> para captar la <strong>esencia<\/strong> de cada proyecto nos ha <strong>consolidado<\/strong> una solida <strong>reputaci\u00f3n<\/strong> en la industria, logrando resultados <strong>impactantes<\/strong> y de alta <strong>calidad<\/strong>.<\/p>\n<p>[\/vc_column_text]<div class=\"grve-empty-space grve-height-3x\" style=\"\"><\/div><blockquote class=\"grve-element grve-align-center grve-with-icon\" style=\"margin-bottom: 11px;\">  <div class=\"grve-quote-icon\">  <i class=\"far fa-hand-point-up grve-text-primary-1 grve-medium\"><\/i>  <\/div><p>Un elemento esencial de cualquier arte es el riesgo. Si no tomas un riesgo, entonces \u00bfc\u00f3mo vas a crear algo realmente hermoso, que no se haya visto antes?<\/p>\n<p>-Francis Ford Coppola<\/p><\/blockquote><div class=\"grve-empty-space grve-height-4x\" style=\"\"><\/div>[\/vc_column][vc_column width=\u00bb1\/4&#8243;][\/vc_column][\/vc_row]<\/p>\n","protected":false},"excerpt":{"rendered":"<p>[vc_row heading_color=\u00bbgreen\u00bb bg_type=\u00bbcolor\u00bb padding_top_multiplier=\u00bb3x\u00bb padding_bottom_multiplier=\u00bb\u00bb columns_gap=\u00bbnone\u00bb bg_color=\u00bb#000000&#8243; section_id=\u00bbabout\u00bb][vc_column width=\u00bb1\/6&#8243;][\/vc_column][vc_column width=\u00bb2\/3&#8243;][vc_column_text animation=\u00bbgrve-fade-in-up\u00bb animation_delay=\u00bb300&#8243;] Casa Productora [\/vc_column_text][\/vc_column][vc_column width=\u00bb1\/6&#8243;][\/vc_column][\/vc_row][vc_row heading_color=\u00bbblue\u00bb bg_type=\u00bbcolor\u00bb padding_top_multiplier=\u00bb4x\u00bb padding_bottom_multiplier=\u00bb\u00bb columns_gap=\u00bb60&#8243; font_color=\u00bb#ffffff\u00bb bg_color=\u00bb#000000&#8243;][vc_column width=\u00bb1\/4&#8243; tablet_sm_width=\u00bb1&#8243;][\/vc_column][vc_column width=\u00bb1\/2&#8243;][vc_column_text animation=\u00bbgrve-fade-in-up\u00bb animation_delay=\u00bb300&#8243;] Somos una productora con sede en Villahermosa Tabasco, con cobertura en todo el sur y centro del pa\u00eds. Hemos producido diversas campa\u00f1as para reconocidas marcas, destac\u00e1ndonos por [&hellip;]<\/p>\n","protected":false},"author":1,"featured_media":0,"parent":0,"menu_order":0,"comment_status":"closed","ping_status":"closed","template":"","meta":{"footnotes":""},"class_list":["post-840","page","type-page","status-publish","hentry"],"_links":{"self":[{"href":"https:\/\/timelapseagencia.com\/v1\/wp-json\/wp\/v2\/pages\/840"}],"collection":[{"href":"https:\/\/timelapseagencia.com\/v1\/wp-json\/wp\/v2\/pages"}],"about":[{"href":"https:\/\/timelapseagencia.com\/v1\/wp-json\/wp\/v2\/types\/page"}],"author":[{"embeddable":true,"href":"https:\/\/timelapseagencia.com\/v1\/wp-json\/wp\/v2\/users\/1"}],"replies":[{"embeddable":true,"href":"https:\/\/timelapseagencia.com\/v1\/wp-json\/wp\/v2\/comments?post=840"}],"version-history":[{"count":2,"href":"https:\/\/timelapseagencia.com\/v1\/wp-json\/wp\/v2\/pages\/840\/revisions"}],"predecessor-version":[{"id":842,"href":"https:\/\/timelapseagencia.com\/v1\/wp-json\/wp\/v2\/pages\/840\/revisions\/842"}],"wp:attachment":[{"href":"https:\/\/timelapseagencia.com\/v1\/wp-json\/wp\/v2\/media?parent=840"}],"curies":[{"name":"wp","href":"https:\/\/api.w.org\/{rel}","templated":true}]}}